{"id":7,"date":"2024-07-18T17:38:58","date_gmt":"2024-07-18T17:38:58","guid":{"rendered":"https:\/\/vagas.crvindustrial.com\/?page_id=7"},"modified":"2024-07-22T19:05:47","modified_gmt":"2024-07-22T19:05:47","slug":"home","status":"publish","type":"page","link":"https:\/\/vagas.crvindustrial.com\/","title":{"rendered":"Home"},"content":{"rendered":"\t\t<div data-elementor-type=\"wp-page\" data-elementor-id=\"7\" class=\"elementor elementor-7\">\n\t\t\t\t<div class=\"elementor-element elementor-element-b20fa94 e-flex e-con-boxed e-con e-parent\" data-id=\"b20fa94\" data-element_type=\"container\" data-settings=\"{&quot;background_background&quot;:&quot;classic&quot;}\">\n\t\t\t\t\t<div class=\"e-con-inner\">\n\t\t\t\t<div class=\"elementor-element elementor-element-a357754 elementor-widget elementor-widget-heading\" data-id=\"a357754\" data-element_type=\"widget\" data-widget_type=\"heading.default\">\n\t\t\t\t<div class=\"elementor-widget-container\">\n\t\t\t<style>\/*! elementor - v3.23.0 - 23-07-2024 *\/\n.elementor-heading-title{padding:0;margin:0;line-height:1}.elementor-widget-heading .elementor-heading-title[class*=elementor-size-]>a{color:inherit;font-size:inherit;line-height:inherit}.elementor-widget-heading .elementor-heading-title.elementor-size-small{font-size:15px}.elementor-widget-heading .elementor-heading-title.elementor-size-medium{font-size:19px}.elementor-widget-heading .elementor-heading-title.elementor-size-large{font-size:29px}.elementor-widget-heading .elementor-heading-title.elementor-size-xl{font-size:39px}.elementor-widget-heading .elementor-heading-title.elementor-size-xxl{font-size:59px}<\/style><h1 class=\"elementor-heading-title elementor-size-default\">Bem-vindo(a) a um dos maiores estoques de fixadores do Brasil!<\/h1>\t\t<\/div>\n\t\t\t\t<\/div>\n\t\t\t\t\t<\/div>\n\t\t\t\t<\/div>\n\t\t<div class=\"elementor-element elementor-element-6afad0a e-flex e-con-boxed e-con e-parent\" data-id=\"6afad0a\" data-element_type=\"container\">\n\t\t\t\t\t<div class=\"e-con-inner\">\n\t\t\t\t<div class=\"elementor-element elementor-element-ac78f70 elementor-widget elementor-widget-image\" data-id=\"ac78f70\" data-element_type=\"widget\" data-widget_type=\"image.default\">\n\t\t\t\t<div class=\"elementor-widget-container\">\n\t\t\t<style>\/*! elementor - v3.23.0 - 23-07-2024 *\/\n.elementor-widget-image{text-align:center}.elementor-widget-image a{display:inline-block}.elementor-widget-image a img[src$=\".svg\"]{width:48px}.elementor-widget-image img{vertical-align:middle;display:inline-block}<\/style>\t\t\t\t\t\t\t\t\t\t<img decoding=\"async\" width=\"150\" height=\"150\" src=\"https:\/\/vagas.crvindustrial.com\/wp-content\/uploads\/2024\/07\/logo-crv-1080x1080-1-150x150.jpg\" class=\"attachment-thumbnail size-thumbnail wp-image-10\" alt=\"\" srcset=\"https:\/\/vagas.crvindustrial.com\/wp-content\/uploads\/2024\/07\/logo-crv-1080x1080-1-150x150.jpg 150w, https:\/\/vagas.crvindustrial.com\/wp-content\/uploads\/2024\/07\/logo-crv-1080x1080-1-300x300.jpg 300w, https:\/\/vagas.crvindustrial.com\/wp-content\/uploads\/2024\/07\/logo-crv-1080x1080-1-1024x1024.jpg 1024w, https:\/\/vagas.crvindustrial.com\/wp-content\/uploads\/2024\/07\/logo-crv-1080x1080-1-768x768.jpg 768w, https:\/\/vagas.crvindustrial.com\/wp-content\/uploads\/2024\/07\/logo-crv-1080x1080-1.jpg 1080w\" sizes=\"(max-width: 150px) 100vw, 150px\" \/>\t\t\t\t\t\t\t\t\t\t\t\t\t<\/div>\n\t\t\t\t<\/div>\n\t\t\t\t<div class=\"elementor-element elementor-element-fdb9655 elementor-widget elementor-widget-heading\" data-id=\"fdb9655\" data-element_type=\"widget\" data-widget_type=\"heading.default\">\n\t\t\t\t<div class=\"elementor-widget-container\">\n\t\t\t<h2 class=\"elementor-heading-title elementor-size-default\">CRV Parafusos<\/h2>\t\t<\/div>\n\t\t\t\t<\/div>\n\t\t\t\t\t<\/div>\n\t\t\t\t<\/div>\n\t\t<div class=\"elementor-element elementor-element-0a2221f e-flex e-con-boxed e-con e-parent\" data-id=\"0a2221f\" data-element_type=\"container\" data-settings=\"{&quot;background_background&quot;:&quot;classic&quot;}\">\n\t\t\t\t\t<div class=\"e-con-inner\">\n\t\t\t\t<div class=\"elementor-element elementor-element-e705e03 elementor-widget elementor-widget-text-editor\" data-id=\"e705e03\" data-element_type=\"widget\" data-widget_type=\"text-editor.default\">\n\t\t\t\t<div class=\"elementor-widget-container\">\n\t\t\t<style>\/*! elementor - v3.23.0 - 23-07-2024 *\/\n.elementor-widget-text-editor.elementor-drop-cap-view-stacked .elementor-drop-cap{background-color:#69727d;color:#fff}.elementor-widget-text-editor.elementor-drop-cap-view-framed .elementor-drop-cap{color:#69727d;border:3px solid;background-color:transparent}.elementor-widget-text-editor:not(.elementor-drop-cap-view-default) .elementor-drop-cap{margin-top:8px}.elementor-widget-text-editor:not(.elementor-drop-cap-view-default) .elementor-drop-cap-letter{width:1em;height:1em}.elementor-widget-text-editor .elementor-drop-cap{float:left;text-align:center;line-height:1;font-size:50px}.elementor-widget-text-editor .elementor-drop-cap-letter{display:inline-block}<\/style>\t\t\t\t<h2><strong>Sobre n\u00f3s<\/strong><\/h2><p>De uma pequena empresa local a uma refer\u00eancia nacional em fixadores e solu\u00e7\u00f5es industriais.<\/p><p>Somos um grupo com vasta experi\u00eancia e atua\u00e7\u00e3o no mercado brasileiro, fornecendo parafusos e fixadores de alta qualidade para diversos setores industriais. Estamos presentes em todo o Brasil, oferecendo solu\u00e7\u00f5es sob medida para as necessidades espec\u00edficas de cada cliente.<\/p><p>Nossa miss\u00e3o \u00e9 fornecer produtos de excel\u00eancia que garantam a seguran\u00e7a e efici\u00eancia em aplica\u00e7\u00f5es industriais, atendendo desde pequenos reparos at\u00e9 grandes projetos de constru\u00e7\u00e3o e manuten\u00e7\u00e3o.<\/p><p>Temos um ecossistema completo que vai do desenvolvimento at\u00e9 a entrega final ao cliente. Nossa estrutura robusta e eficiente garante um atendimento r\u00e1pido e personalizado, al\u00e9m de uma log\u00edstica \u00e1gil que cobre todo o territ\u00f3rio nacional.<\/p><p>Acreditamos que a inova\u00e7\u00e3o e a qualidade s\u00e3o fundamentais para o sucesso de nossos clientes. Por isso, investimos constantemente em tecnologia e capacita\u00e7\u00e3o, visando sempre oferecer as melhores solu\u00e7\u00f5es do mercado.<\/p><p>Estamos comprometidos com o desenvolvimento sustent\u00e1vel e a responsabilidade social. Trabalhamos para minimizar nosso impacto ambiental e contribu\u00edmos para o bem-estar das comunidades onde atuamos.<\/p><p>Junte-se a n\u00f3s e descubra como podemos colaborar para o sucesso do seu neg\u00f3cio!<\/p>\t\t\t\t\t\t<\/div>\n\t\t\t\t<\/div>\n\t\t\t\t\t<\/div>\n\t\t\t\t<\/div>\n\t\t<div class=\"elementor-element elementor-element-9282a29 e-flex e-con-boxed e-con e-parent\" data-id=\"9282a29\" data-element_type=\"container\">\n\t\t\t\t\t<div class=\"e-con-inner\">\n\t\t<div class=\"elementor-element elementor-element-568b1af e-con-full e-flex e-con e-child\" data-id=\"568b1af\" data-element_type=\"container\">\n\t\t\t\t<div class=\"elementor-element elementor-element-9b58a11 elementor-widget elementor-widget-image\" data-id=\"9b58a11\" data-element_type=\"widget\" data-widget_type=\"image.default\">\n\t\t\t\t<div class=\"elementor-widget-container\">\n\t\t\t\t\t\t\t\t\t\t\t\t\t<img fetchpriority=\"high\" decoding=\"async\" width=\"750\" height=\"430\" src=\"https:\/\/vagas.crvindustrial.com\/wp-content\/uploads\/2024\/07\/img-pag-principal-maior-01.png\" class=\"attachment-full size-full wp-image-159\" alt=\"\" srcset=\"https:\/\/vagas.crvindustrial.com\/wp-content\/uploads\/2024\/07\/img-pag-principal-maior-01.png 750w, https:\/\/vagas.crvindustrial.com\/wp-content\/uploads\/2024\/07\/img-pag-principal-maior-01-300x172.png 300w\" sizes=\"(max-width: 750px) 100vw, 750px\" \/>\t\t\t\t\t\t\t\t\t\t\t\t\t<\/div>\n\t\t\t\t<\/div>\n\t\t\t\t<\/div>\n\t\t<div class=\"elementor-element elementor-element-09433d9 e-con-full e-flex e-con e-child\" data-id=\"09433d9\" data-element_type=\"container\">\n\t\t\t\t<div class=\"elementor-element elementor-element-1bd0cf9 elementor-widget elementor-widget-image\" data-id=\"1bd0cf9\" data-element_type=\"widget\" data-widget_type=\"image.default\">\n\t\t\t\t<div class=\"elementor-widget-container\">\n\t\t\t\t\t\t\t\t\t\t\t\t\t<img decoding=\"async\" width=\"370\" height=\"205\" src=\"https:\/\/vagas.crvindustrial.com\/wp-content\/uploads\/2024\/07\/370x205-2.jpg\" class=\"attachment-full size-full wp-image-55\" alt=\"\" srcset=\"https:\/\/vagas.crvindustrial.com\/wp-content\/uploads\/2024\/07\/370x205-2.jpg 370w, https:\/\/vagas.crvindustrial.com\/wp-content\/uploads\/2024\/07\/370x205-2-300x166.jpg 300w\" sizes=\"(max-width: 370px) 100vw, 370px\" \/>\t\t\t\t\t\t\t\t\t\t\t\t\t<\/div>\n\t\t\t\t<\/div>\n\t\t\t\t<div class=\"elementor-element elementor-element-56377ce elementor-widget elementor-widget-image\" data-id=\"56377ce\" data-element_type=\"widget\" data-widget_type=\"image.default\">\n\t\t\t\t<div class=\"elementor-widget-container\">\n\t\t\t\t\t\t\t\t\t\t\t\t\t<img loading=\"lazy\" decoding=\"async\" width=\"370\" height=\"205\" src=\"https:\/\/vagas.crvindustrial.com\/wp-content\/uploads\/2024\/07\/img-pequeno-principe-01.png\" class=\"attachment-full size-full wp-image-169\" alt=\"\" srcset=\"https:\/\/vagas.crvindustrial.com\/wp-content\/uploads\/2024\/07\/img-pequeno-principe-01.png 370w, https:\/\/vagas.crvindustrial.com\/wp-content\/uploads\/2024\/07\/img-pequeno-principe-01-300x166.png 300w\" sizes=\"(max-width: 370px) 100vw, 370px\" \/>\t\t\t\t\t\t\t\t\t\t\t\t\t<\/div>\n\t\t\t\t<\/div>\n\t\t\t\t<\/div>\n\t\t\t\t\t<\/div>\n\t\t\t\t<\/div>\n\t\t<div class=\"elementor-element elementor-element-f2c8446 e-flex e-con-boxed e-con e-parent\" data-id=\"f2c8446\" data-element_type=\"container\" data-settings=\"{&quot;background_background&quot;:&quot;classic&quot;}\">\n\t\t\t\t\t<div class=\"e-con-inner\">\n\t\t\t\t<div class=\"elementor-element elementor-element-f713beb elementor-widget elementor-widget-shortcode\" data-id=\"f713beb\" data-element_type=\"widget\" data-widget_type=\"shortcode.default\">\n\t\t\t\t<div class=\"elementor-widget-container\">\n\t\t\t\t\t<div class=\"elementor-shortcode\"><div class=\"job_listings\" data-location=\"\" data-keywords=\"\" data-show_filters=\"true\" data-show_pagination=\"false\" data-per_page=\"10\" data-orderby=\"featured\" data-order=\"DESC\" data-categories=\"\" data-disable-form-state-storage=\"\" data-featured_first=\"false\" data-post_id=\"7\" >\n<form class=\"job_filters\">\n\t\n\t<div class=\"search_jobs\">\n\t\t\n\t\t<div class=\"search_keywords\">\n\t\t\t<label for=\"search_keywords\">Palavras-chave<\/label>\n\t\t\t<input type=\"text\" name=\"search_keywords\" id=\"search_keywords\" placeholder=\"Palavras-chave\" value=\"\" \/>\n\t\t<\/div>\n\n\t\t<div class=\"search_location\">\n\t\t\t<label for=\"search_location\">Localiza\u00e7\u00e3o<\/label>\n\t\t\t<input type=\"text\" name=\"search_location\" id=\"search_location\" placeholder=\"Localiza\u00e7\u00e3o\" value=\"\" \/>\n\t\t<\/div>\n\n\t\t\t\t\t<div class=\"search_remote_position\">\n\t\t\t\t<input type=\"checkbox\" class=\"input-checkbox\" name=\"remote_position\" id=\"remote_position\" placeholder=\"Localiza\u00e7\u00e3o\" value=\"1\"  \/>\n\t\t\t\t<label for=\"remote_position\" id=\"remote_position_label\">Remote positions only<\/label>\n\t\t\t<\/div>\n\t\t\n\t\t<div style=\"clear: both\"><\/div>\n\n\t\t\t\t\t<div class=\"search_categories\">\n\t\t\t\t<label for=\"search_categories\">Categoria<\/label>\n\t\t\t\t\t\t\t\t\t<select name='search_categories[]' id='search_categories' class='job-manager-category-dropdown '  data-placeholder='Escolha uma categoria&hellip;' data-no_results_text='Nenhum resultado' data-multiple_text='Selecione algumas op\u00e7\u00f5es'>\n<option value=\"\">Qualquer categoria<\/option>\t<option class=\"level-0\" value=\"8\">Comercial<\/option>\n\t<option class=\"level-0\" value=\"11\">Log\u00edstica<\/option>\n<\/select>\n\t\t\t\t\t\t\t<\/div>\n\t\t\n\t\t\t\t\t<div class=\"search_submit\">\n\t\t\t\t<input type=\"submit\" value=\"Search Jobs\">\n\t\t\t<\/div>\n\t\t\n\t\t\t<\/div>\n\n\t\t<ul class=\"job_types\">\n\t\t\t\t\t<li><label for=\"job_type_estagio\" class=\"estagio\"><input type=\"checkbox\" name=\"filter_job_type[]\" value=\"estagio\"  checked='checked' id=\"job_type_estagio\" \/> Est\u00e1gio<\/label><\/li>\n\t\t\t\t\t<li><label for=\"job_type_freelance\" class=\"freelance\"><input type=\"checkbox\" name=\"filter_job_type[]\" value=\"freelance\"  checked='checked' id=\"job_type_freelance\" \/> Freelance<\/label><\/li>\n\t\t\t\t\t<li><label for=\"job_type_meio-periodo\" class=\"meio-periodo\"><input type=\"checkbox\" name=\"filter_job_type[]\" value=\"meio-periodo\"  checked='checked' id=\"job_type_meio-periodo\" \/> Meio Per\u00edodo<\/label><\/li>\n\t\t\t\t\t<li><label for=\"job_type_tempo-integral\" class=\"tempo-integral\"><input type=\"checkbox\" name=\"filter_job_type[]\" value=\"tempo-integral\"  checked='checked' id=\"job_type_tempo-integral\" \/> Tempo Integral<\/label><\/li>\n\t\t\t\t\t<li><label for=\"job_type_temporario\" class=\"temporario\"><input type=\"checkbox\" name=\"filter_job_type[]\" value=\"temporario\"  checked='checked' id=\"job_type_temporario\" \/> Tempor\u00e1rio<\/label><\/li>\n\t\t\t<\/ul>\n\t<input type=\"hidden\" name=\"filter_job_type[]\" value=\"\" \/>\n<div class=\"showing_jobs\"><\/div><\/form>\n\n\n<noscript>Seu navegador n\u00e3o suporta JavaScript ou est\u00e1 desativado. JavaScript deve estar habilitado para exibir an\u00fancios.<\/noscript>\n<ul class=\"job_listings\">\n<\/ul>\n<a class=\"load_more_jobs\" href=\"#\" style=\"display:none;\"><strong>Carregar mais an\u00fancios<\/strong><\/a><\/div><\/div>\n\t\t\t\t<\/div>\n\t\t\t\t<\/div>\n\t\t\t\t\t<\/div>\n\t\t\t\t<\/div>\n\t\t\t\t<\/div>\n\t\t","protected":false},"excerpt":{"rendered":"<p>Bem-vindo(a) a um dos maiores estoques de fixadores do Brasil! CRV Parafusos Sobre n\u00f3s De uma pequena empresa local a uma refer\u00eancia nacional em fixadores e solu\u00e7\u00f5es industriais. Somos um grupo com vasta experi\u00eancia e atua\u00e7\u00e3o no mercado brasileiro, fornecendo parafusos e fixadores de alta qualidade para diversos setores industriais. Estamos presentes em todo o [&hellip;]<\/p>\n","protected":false},"author":1,"featured_media":0,"parent":0,"menu_order":0,"comment_status":"closed","ping_status":"closed","template":"elementor_header_footer","meta":{"postBodyMargin":[],"postBodyPadding":[],"postBodyBackground":{"backgroundType":"classic","gradient":""},"footnotes":""},"class_list":["post-7","page","type-page","status-publish","hentry"],"_links":{"self":[{"href":"https:\/\/vagas.crvindustrial.com\/index.php\/wp-json\/wp\/v2\/pages\/7"}],"collection":[{"href":"https:\/\/vagas.crvindustrial.com\/index.php\/wp-json\/wp\/v2\/pages"}],"about":[{"href":"https:\/\/vagas.crvindustrial.com\/index.php\/wp-json\/wp\/v2\/types\/page"}],"author":[{"embeddable":true,"href":"https:\/\/vagas.crvindustrial.com\/index.php\/wp-json\/wp\/v2\/users\/1"}],"replies":[{"embeddable":true,"href":"https:\/\/vagas.crvindustrial.com\/index.php\/wp-json\/wp\/v2\/comments?post=7"}],"version-history":[{"count":69,"href":"https:\/\/vagas.crvindustrial.com\/index.php\/wp-json\/wp\/v2\/pages\/7\/revisions"}],"predecessor-version":[{"id":172,"href":"https:\/\/vagas.crvindustrial.com\/index.php\/wp-json\/wp\/v2\/pages\/7\/revisions\/172"}],"wp:attachment":[{"href":"https:\/\/vagas.crvindustrial.com\/index.php\/wp-json\/wp\/v2\/media?parent=7"}],"curies":[{"name":"wp","href":"https:\/\/api.w.org\/{rel}","templated":true}]}}